{"id":36,"date":"2023-04-11T19:58:05","date_gmt":"2023-04-11T17:58:05","guid":{"rendered":"http:\/\/www.la-avocat.fr\/?page_id=36"},"modified":"2024-06-25T14:50:08","modified_gmt":"2024-06-25T12:50:08","slug":"laure-abramowitch-avocate-droit-des-affaires-artistiques-et-culturelles","status":"publish","type":"page","link":"https:\/\/www.la-avocat.fr\/","title":{"rendered":"Art &#038; Culture"},"content":{"rendered":"\n<p class=\"has-text-align-center has-large-font-size\"><strong>Cabinet d&rsquo;avocat en droit public, droit priv\u00e9 et droit p\u00e9nal des affaires artistiques et culturelles<\/strong><\/p>\n\n\n\n<p class=\"has-text-align-center\"><strong>Accompagnement des artistes et auteurs <\/strong><\/p>\n\n\n\n<p class=\"has-text-align-center has-small-font-size\">Propri\u00e9t\u00e9 intellectuelle &#8211; droits d&rsquo;auteur &#8211; droit des marques &#8211; contrefa\u00e7on &#8211; parasitisme &#8211; droit de la presse &#8211; diffamation &#8211; libert\u00e9 d&rsquo;expression &#8211; commande publique &#8211; 1% artistique<\/p>\n\n\n\n<p class=\"has-text-align-center\"><strong>Accompagnement des collectivit\u00e9s territoriales<\/strong><\/p>\n\n\n\n<p class=\"has-text-align-center has-small-font-size\">Gestion et statut des collections &#8211; droit des mus\u00e9es et des collections publiques &#8211; circulation des \u0153uvres &#8211; contrats de pr\u00eat et de d\u00e9p\u00f4t &#8211; gestion du patrimoine architectural et immat\u00e9riel &#8211; m\u00e9c\u00e9nat &#8211; fondation &#8211; commande publique<\/p>\n\n\n\n<p class=\"has-text-align-center\"><strong>Domaines d&rsquo;intervention<\/strong><\/p>\n\n\n\n<p class=\"has-text-align-center has-small-font-size\">Arts visuels (arts appliqu\u00e9s, design, photographie) &#8211; presse &#8211; \u00e9dition &#8211; spectacle vivant &#8211; action culturelle<\/p>\n\n\n\n<p class=\"has-text-align-center\"><strong>Transition \u00e9cologique du secteur culturel<\/strong><\/p>\n\n\n\n<p class=\"has-text-align-center has-small-font-size\">Economie circulaire &#8211; r\u00e9emploi &#8211; achats publics responsables des \u00e9tablissements culturels &#8211; crit\u00e8res environnementaux &#8211; convention CITES<\/p>\n\n\n\n<p class=\"has-text-align-center\"><strong>Mandataire d&rsquo;artistes et d&rsquo;auteurs<\/strong><\/p>\n\n\n\n<p class=\"has-text-align-center has-small-font-size\">Repr\u00e9sentation des int\u00e9r\u00eats professionnels des artistes, des auteurs et des \u0153uvres &#8211; n\u00e9gociation et r\u00e9daction de contrat &#8211; d\u00e9veloppement d&rsquo;activit\u00e9 et de partenariats &#8211; formation &#8211; veille et r\u00e9ponse aux appels \u00e0 projets culturels<\/p>\n","protected":false},"excerpt":{"rendered":"<p>Cabinet d&rsquo;avocat en droit public, droit priv\u00e9 et droit p\u00e9nal des affaires artistiques et culturelles Accompagnement des artistes et auteurs Propri\u00e9t\u00e9 intellectuelle &#8211; droits d&rsquo;auteur &#8211; droit des marques &#8211; contrefa\u00e7on &#8211; parasitisme &#8211; droit de la presse &#8211; diffamation &#8211; libert\u00e9 d&rsquo;expression &#8211; commande publique &#8211; 1% artistique Accompagnement des collectivit\u00e9s territoriales Gestion et [&hellip;]<\/p>\n","protected":false},"author":1,"featured_media":0,"parent":0,"menu_order":0,"comment_status":"closed","ping_status":"closed","template":"","meta":{"footnotes":""},"class_list":["post-36","page","type-page","status-publish","hentry"],"_links":{"self":[{"href":"https:\/\/www.la-avocat.fr\/index.php\/wp-json\/wp\/v2\/pages\/36","targetHints":{"allow":["GET"]}}],"collection":[{"href":"https:\/\/www.la-avocat.fr\/index.php\/wp-json\/wp\/v2\/pages"}],"about":[{"href":"https:\/\/www.la-avocat.fr\/index.php\/wp-json\/wp\/v2\/types\/page"}],"author":[{"embeddable":true,"href":"https:\/\/www.la-avocat.fr\/index.php\/wp-json\/wp\/v2\/users\/1"}],"replies":[{"embeddable":true,"href":"https:\/\/www.la-avocat.fr\/index.php\/wp-json\/wp\/v2\/comments?post=36"}],"version-history":[{"count":24,"href":"https:\/\/www.la-avocat.fr\/index.php\/wp-json\/wp\/v2\/pages\/36\/revisions"}],"predecessor-version":[{"id":162,"href":"https:\/\/www.la-avocat.fr\/index.php\/wp-json\/wp\/v2\/pages\/36\/revisions\/162"}],"wp:attachment":[{"href":"https:\/\/www.la-avocat.fr\/index.php\/wp-json\/wp\/v2\/media?parent=36"}],"curies":[{"name":"wp","href":"https:\/\/api.w.org\/{rel}","templated":true}]}}